{"id":752,"date":"2021-12-01T02:20:52","date_gmt":"2021-12-01T01:20:52","guid":{"rendered":"https:\/\/demo.ovatheme.com\/transflash\/?page_id=752"},"modified":"2023-11-21T17:25:57","modified_gmt":"2023-11-21T16:25:57","slug":"servizi-trasporto-completi-e-parziali","status":"publish","type":"page","link":"https:\/\/ams-multiservizi.it\/en\/servizi-trasporto-completi-e-parziali\/","title":{"rendered":"Services"},"content":{"rendered":"<div data-elementor-type=\"wp-page\" data-elementor-id=\"752\" class=\"elementor elementor-752\" data-elementor-post-type=\"page\">\n\t\t\t\t\t\t<section class=\"elementor-section elementor-top-section elementor-element elementor-element-5c21dc4 elementor-section-full_width elementor-section-stretched elementor-section-height-default elementor-section-height-default\" data-id=\"5c21dc4\" data-element_type=\"section\" data-settings=\"{&quot;background_background&quot;:&quot;classic&quot;,&quot;stretch_section&quot;:&quot;section-stretched&quot;}\">\n\t\t\t\t\t\t<div class=\"elementor-container elementor-column-gap-no\">\n\t\t\t\t\t<div class=\"elementor-column elementor-col-100 elementor-top-column elementor-element elementor-element-e5f9b14\" data-id=\"e5f9b14\" data-element_type=\"column\">\n\t\t\t<div class=\"elementor-widget-wrap elementor-element-populated\">\n\t\t\t\t\t\t<div class=\"elementor-element elementor-element-673873f elementor-widget elementor-widget-transflash_elementor_heading\" data-id=\"673873f\" data-element_type=\"widget\" data-widget_type=\"transflash_elementor_heading.default\">\n\t\t\t\t<div class=\"elementor-widget-container\">\n\t\t\t\t\t\n\t\t    <div class=\"ova-heading\">\n\t\t \t   <h2 class=\"title\">\t\t\t\t\t\t\t\t\t\t\tWhat we offer\t\t\t\t\t\t\t\t\t<\/h2>\n\t\t\t\t\t\t    <\/div>\n\n         \t\t\t\t<\/div>\n\t\t\t\t<\/div>\n\t\t\t\t<div class=\"elementor-element elementor-element-1a6d68b elementor-widget elementor-widget-text-editor\" data-id=\"1a6d68b\" data-element_type=\"widget\" data-widget_type=\"text-editor.default\">\n\t\t\t\t<div class=\"elementor-widget-container\">\n\t\t\t\t\t\t\t\t\t<p><span style=\"font-weight: 400;\">We provide both complete and partial transport services on a national and international scale united by quality and timeliness, which are the determinants that differentiate our activity<br \/><br \/><\/span><span style=\"font-weight: 400;\">Constancy and organisation have enabled us to establish synergies with selected and reliable partners that allow us to offer an all-round service for any sector. <\/span><\/p>\t\t\t\t\t\t\t\t<\/div>\n\t\t\t\t<\/div>\n\t\t\t\t<section class=\"elementor-section elementor-inner-section elementor-element elementor-element-5a5fdd8 elementor-section-boxed elementor-section-height-default elementor-section-height-default elementor-invisible\" data-id=\"5a5fdd8\" data-element_type=\"section\" data-settings=\"{&quot;animation&quot;:&quot;fadeInRight&quot;,&quot;animation_delay&quot;:200}\">\n\t\t\t\t\t\t<div class=\"elementor-container elementor-column-gap-default\">\n\t\t\t\t\t<div class=\"elementor-column elementor-col-25 elementor-inner-column elementor-element elementor-element-030704c\" data-id=\"030704c\" data-element_type=\"column\" data-settings=\"{&quot;background_background&quot;:&quot;classic&quot;}\">\n\t\t\t<div class=\"elementor-widget-wrap elementor-element-populated\">\n\t\t\t\t\t<div class=\"elementor-background-overlay\"><\/div>\n\t\t\t\t\t\t<div class=\"elementor-element elementor-element-6e195f8 elementor-widget elementor-widget-spacer\" data-id=\"6e195f8\" data-element_type=\"widget\" data-widget_type=\"spacer.default\">\n\t\t\t\t<div class=\"elementor-widget-container\">\n\t\t\t\t\t\t\t<div class=\"elementor-spacer\">\n\t\t\t<div class=\"elementor-spacer-inner\"><\/div>\n\t\t<\/div>\n\t\t\t\t\t\t<\/div>\n\t\t\t\t<\/div>\n\t\t\t\t<div class=\"elementor-element elementor-element-e51e04d elementor-widget elementor-widget-transflash_elementor_heading\" data-id=\"e51e04d\" data-element_type=\"widget\" data-widget_type=\"transflash_elementor_heading.default\">\n\t\t\t\t<div class=\"elementor-widget-container\">\n\t\t\t\t\t\n\t\t    <div class=\"ova-heading\">\n\t\t \t   <h2 class=\"title\">\t\t\t\t\t\t\t\t\t\t\t<a href=\"https:\/\/ams-multiservizi.it\/en\/trasporti-spedizioni-veloci\/\">\n\t\t\t\t\t\t\tTransport and shipping\t\t\t\t\t\t<\/a>\n\t\t\t\t\t\t\t\t\t<\/h2>\n\t\t\t\t\t\t    <\/div>\n\n         \t\t\t\t<\/div>\n\t\t\t\t<\/div>\n\t\t\t\t\t<\/div>\n\t\t<\/div>\n\t\t\t\t<div class=\"elementor-column elementor-col-25 elementor-inner-column elementor-element elementor-element-f83a44f\" data-id=\"f83a44f\" data-element_type=\"column\" data-settings=\"{&quot;background_background&quot;:&quot;classic&quot;}\">\n\t\t\t<div class=\"elementor-widget-wrap elementor-element-populated\">\n\t\t\t\t\t<div class=\"elementor-background-overlay\"><\/div>\n\t\t\t\t\t\t<div class=\"elementor-element elementor-element-1e5ea74 elementor-widget elementor-widget-spacer\" data-id=\"1e5ea74\" data-element_type=\"widget\" data-widget_type=\"spacer.default\">\n\t\t\t\t<div class=\"elementor-widget-container\">\n\t\t\t\t\t\t\t<div class=\"elementor-spacer\">\n\t\t\t<div class=\"elementor-spacer-inner\"><\/div>\n\t\t<\/div>\n\t\t\t\t\t\t<\/div>\n\t\t\t\t<\/div>\n\t\t\t\t<div class=\"elementor-element elementor-element-089677d elementor-widget elementor-widget-transflash_elementor_heading\" data-id=\"089677d\" data-element_type=\"widget\" data-widget_type=\"transflash_elementor_heading.default\">\n\t\t\t\t<div class=\"elementor-widget-container\">\n\t\t\t\t\t\n\t\t    <div class=\"ova-heading\">\n\t\t \t   <h2 class=\"title\">\t\t\t\t\t\t\t\t\t\t\t<a href=\"https:\/\/ams-multiservizi.it\/en\/logistica-per-e-commerce-piu-di-semplice-hub\/\">\n\t\t\t\t\t\t\tLogistics for E-Commerce\t\t\t\t\t\t<\/a>\n\t\t\t\t\t\t\t\t\t<\/h2>\n\t\t\t\t\t\t    <\/div>\n\n         \t\t\t\t<\/div>\n\t\t\t\t<\/div>\n\t\t\t\t\t<\/div>\n\t\t<\/div>\n\t\t\t\t<div class=\"elementor-column elementor-col-25 elementor-inner-column elementor-element elementor-element-9e4ca53\" data-id=\"9e4ca53\" data-element_type=\"column\" data-settings=\"{&quot;background_background&quot;:&quot;classic&quot;}\">\n\t\t\t<div class=\"elementor-widget-wrap elementor-element-populated\">\n\t\t\t\t\t<div class=\"elementor-background-overlay\"><\/div>\n\t\t\t\t\t\t<div class=\"elementor-element elementor-element-7dd30f5 elementor-widget elementor-widget-spacer\" data-id=\"7dd30f5\" data-element_type=\"widget\" data-widget_type=\"spacer.default\">\n\t\t\t\t<div class=\"elementor-widget-container\">\n\t\t\t\t\t\t\t<div class=\"elementor-spacer\">\n\t\t\t<div class=\"elementor-spacer-inner\"><\/div>\n\t\t<\/div>\n\t\t\t\t\t\t<\/div>\n\t\t\t\t<\/div>\n\t\t\t\t<div class=\"elementor-element elementor-element-4dc8811 elementor-widget elementor-widget-transflash_elementor_heading\" data-id=\"4dc8811\" data-element_type=\"widget\" data-widget_type=\"transflash_elementor_heading.default\">\n\t\t\t\t<div class=\"elementor-widget-container\">\n\t\t\t\t\t\n\t\t    <div class=\"ova-heading\">\n\t\t \t   <h2 class=\"title\">\t\t\t\t\t\t\t\t\t\t\t<a href=\"https:\/\/ams-multiservizi.it\/en\/magazzino-alimentare-e-bio\/\">\n\t\t\t\t\t\t\tFood and BIO Warehouse\t\t\t\t\t\t<\/a>\n\t\t\t\t\t\t\t\t\t<\/h2>\n\t\t\t\t\t\t    <\/div>\n\n         \t\t\t\t<\/div>\n\t\t\t\t<\/div>\n\t\t\t\t\t<\/div>\n\t\t<\/div>\n\t\t\t\t<div class=\"elementor-column elementor-col-25 elementor-inner-column elementor-element elementor-element-101f848\" data-id=\"101f848\" data-element_type=\"column\" data-settings=\"{&quot;background_background&quot;:&quot;classic&quot;}\">\n\t\t\t<div class=\"elementor-widget-wrap elementor-element-populated\">\n\t\t\t\t\t<div class=\"elementor-background-overlay\"><\/div>\n\t\t\t\t\t\t<div class=\"elementor-element elementor-element-f53c4ee elementor-widget elementor-widget-spacer\" data-id=\"f53c4ee\" data-element_type=\"widget\" data-widget_type=\"spacer.default\">\n\t\t\t\t<div class=\"elementor-widget-container\">\n\t\t\t\t\t\t\t<div class=\"elementor-spacer\">\n\t\t\t<div class=\"elementor-spacer-inner\"><\/div>\n\t\t<\/div>\n\t\t\t\t\t\t<\/div>\n\t\t\t\t<\/div>\n\t\t\t\t<div class=\"elementor-element elementor-element-1dcd593 elementor-widget elementor-widget-transflash_elementor_heading\" data-id=\"1dcd593\" data-element_type=\"widget\" data-widget_type=\"transflash_elementor_heading.default\">\n\t\t\t\t<div class=\"elementor-widget-container\">\n\t\t\t\t\t\n\t\t    <div class=\"ova-heading\">\n\t\t \t   <h2 class=\"title\">\t\t\t\t\t\t\t\t\t\t\t<a href=\"https:\/\/ams-multiservizi.it\/en\/servizi-logistici-personalizzati\/\">\n\t\t\t\t\t\t\tOther Services\t\t\t\t\t\t<\/a>\n\t\t\t\t\t\t\t\t\t<\/h2>\n\t\t\t\t\t\t    <\/div>\n\n         \t\t\t\t<\/div>\n\t\t\t\t<\/div>\n\t\t\t\t\t<\/div>\n\t\t<\/div>\n\t\t\t\t\t<\/div>\n\t\t<\/section>\n\t\t\t\t\t<\/div>\n\t\t<\/div>\n\t\t\t\t\t<\/div>\n\t\t<\/section>\n\t\t\t\t<section class=\"elementor-section elementor-top-section elementor-element elementor-element-01a169c elementor-section-boxed elementor-section-height-default elementor-section-height-default\" data-id=\"01a169c\" data-element_type=\"section\">\n\t\t\t\t\t\t<div class=\"elementor-container elementor-column-gap-no\">\n\t\t\t\t\t<div class=\"elementor-column elementor-col-33 elementor-top-column elementor-element elementor-element-edc2226\" data-id=\"edc2226\" data-element_type=\"column\">\n\t\t\t<div class=\"elementor-widget-wrap elementor-element-populated\">\n\t\t\t\t\t\t<div class=\"elementor-element elementor-element-e5c6ee1 elementor-widget elementor-widget-counter\" data-id=\"e5c6ee1\" data-element_type=\"widget\" data-widget_type=\"counter.default\">\n\t\t\t\t<div class=\"elementor-widget-container\">\n\t\t\t\t\t\t\t<div class=\"elementor-counter\">\n\t\t\t\n\t\t\t<div class=\"elementor-counter-number-wrapper\">\n\n\t\t\t\t\n\t\t\t\t\n\t\t\t\t\t<div class=\"icon\">\n\t\t\t\t\t\t<i class=\"flaticon flaticon-express-delivery\"><\/i>\n\t\t\t\t\t<\/div>\n\n\t\t\t\t\n\t\t\t\t<span class=\"elementor-counter-number-prefix\"><\/span>\n\t\t\t\t<span class=\"elementor-counter-number\" data-duration=\"2000\" data-to-value=\"440\" data-from-value=\"0\" data-delimiter=\",\">0<\/span>\n\t\t\t\t<span class=\"elementor-counter-number-suffix\">k<\/span>\n\t\t\t<\/div>\n\n\t\t\t\t\t\t\t<div class=\"elementor-counter-title\">Shipments handled<\/div>\n\t\t\t\n\t\t\t\t\t<\/div>\n\t\t\t\t\t\t<\/div>\n\t\t\t\t<\/div>\n\t\t\t\t\t<\/div>\n\t\t<\/div>\n\t\t\t\t<div class=\"elementor-column elementor-col-33 elementor-top-column elementor-element elementor-element-8bfea10\" data-id=\"8bfea10\" data-element_type=\"column\">\n\t\t\t<div class=\"elementor-widget-wrap elementor-element-populated\">\n\t\t\t\t\t\t<div class=\"elementor-element elementor-element-5f7cdc6 elementor-widget elementor-widget-counter\" data-id=\"5f7cdc6\" data-element_type=\"widget\" data-widget_type=\"counter.default\">\n\t\t\t\t<div class=\"elementor-widget-container\">\n\t\t\t\t\t\t\t<div class=\"elementor-counter\">\n\t\t\t\n\t\t\t<div class=\"elementor-counter-number-wrapper\">\n\n\t\t\t\t\n\t\t\t\t\n\t\t\t\t\t<div class=\"icon\">\n\t\t\t\t\t\t<i class=\"flaticon flaticon-customer\"><\/i>\n\t\t\t\t\t<\/div>\n\n\t\t\t\t\n\t\t\t\t<span class=\"elementor-counter-number-prefix\"><\/span>\n\t\t\t\t<span class=\"elementor-counter-number\" data-duration=\"2000\" data-to-value=\"1250\" data-from-value=\"500\">500<\/span>\n\t\t\t\t<span class=\"elementor-counter-number-suffix\"><\/span>\n\t\t\t<\/div>\n\n\t\t\t\t\t\t\t<div class=\"elementor-counter-title\">Satisfied customers<\/div>\n\t\t\t\n\t\t\t\t\t<\/div>\n\t\t\t\t\t\t<\/div>\n\t\t\t\t<\/div>\n\t\t\t\t\t<\/div>\n\t\t<\/div>\n\t\t\t\t<div class=\"elementor-column elementor-col-33 elementor-top-column elementor-element elementor-element-b1cb038\" data-id=\"b1cb038\" data-element_type=\"column\">\n\t\t\t<div class=\"elementor-widget-wrap elementor-element-populated\">\n\t\t\t\t\t\t<div class=\"elementor-element elementor-element-d447a4d elementor-widget elementor-widget-counter\" data-id=\"d447a4d\" data-element_type=\"widget\" data-widget_type=\"counter.default\">\n\t\t\t\t<div class=\"elementor-widget-container\">\n\t\t\t\t\t\t\t<div class=\"elementor-counter\">\n\t\t\t\n\t\t\t<div class=\"elementor-counter-number-wrapper\">\n\n\t\t\t\t\n\t\t\t\t\n\t\t\t\t\t<div class=\"icon\">\n\t\t\t\t\t\t<i class=\"flaticon flaticon-team\"><\/i>\n\t\t\t\t\t<\/div>\n\n\t\t\t\t\n\t\t\t\t<span class=\"elementor-counter-number-prefix\"><\/span>\n\t\t\t\t<span class=\"elementor-counter-number\" data-duration=\"2000\" data-to-value=\"10\" data-from-value=\"\" data-delimiter=\",\"><\/span>\n\t\t\t\t<span class=\"elementor-counter-number-suffix\"><\/span>\n\t\t\t<\/div>\n\n\t\t\t\t\t\t\t<div class=\"elementor-counter-title\">Team members<\/div>\n\t\t\t\n\t\t\t\t\t<\/div>\n\t\t\t\t\t\t<\/div>\n\t\t\t\t<\/div>\n\t\t\t\t\t<\/div>\n\t\t<\/div>\n\t\t\t\t\t<\/div>\n\t\t<\/section>\n\t\t\t\t<section class=\"elementor-section elementor-top-section elementor-element elementor-element-f14af70 elementor-section-boxed elementor-section-height-default elementor-section-height-default\" data-id=\"f14af70\" data-element_type=\"section\">\n\t\t\t\t\t\t<div class=\"elementor-container elementor-column-gap-default\">\n\t\t\t\t\t<div class=\"elementor-column elementor-col-100 elementor-top-column elementor-element elementor-element-4000699\" data-id=\"4000699\" data-element_type=\"column\">\n\t\t\t<div class=\"elementor-widget-wrap elementor-element-populated\">\n\t\t\t\t\t\t<div class=\"elementor-element elementor-element-c3c3405 elementor-widget elementor-widget-transflash_elementor_heading\" data-id=\"c3c3405\" data-element_type=\"widget\" data-widget_type=\"transflash_elementor_heading.default\">\n\t\t\t\t<div class=\"elementor-widget-container\">\n\t\t\t\t\t\n\t\t    <div class=\"ova-heading\">\n\t\t \t   <h2 class=\"title\">\t\t\t\t\t\t\t\t\t\t\tOur strengths\t\t\t\t\t\t\t\t\t<\/h2>\n\t\t\t\t\t\t    <\/div>\n\n         \t\t\t\t<\/div>\n\t\t\t\t<\/div>\n\t\t\t\t\t<\/div>\n\t\t<\/div>\n\t\t\t\t\t<\/div>\n\t\t<\/section>\n\t\t\t\t<section class=\"elementor-section elementor-inner-section elementor-element elementor-element-7abeaf17 elementor-section-full_width elementor-section-height-default elementor-section-height-default\" data-id=\"7abeaf17\" data-element_type=\"section\" data-settings=\"{&quot;animation_tablet&quot;:&quot;none&quot;,&quot;animation_mobile&quot;:&quot;none&quot;}\">\n\t\t\t\t\t\t<div class=\"elementor-container elementor-column-gap-default\">\n\t\t\t\t\t<div class=\"elementor-column elementor-col-50 elementor-inner-column elementor-element elementor-element-560ce340\" data-id=\"560ce340\" data-element_type=\"column\">\n\t\t\t<div class=\"elementor-widget-wrap elementor-element-populated\">\n\t\t\t\t\t\t<div class=\"elementor-element elementor-element-6284d752 elementor-animation-float elementor-invisible elementor-widget elementor-widget-transflash_elementor_card\" data-id=\"6284d752\" data-element_type=\"widget\" data-settings=\"{&quot;_animation&quot;:&quot;fadeInLeft&quot;,&quot;_animation_tablet&quot;:&quot;none&quot;,&quot;_animation_mobile&quot;:&quot;none&quot;,&quot;_animation_delay&quot;:500}\" data-widget_type=\"transflash_elementor_card.default\">\n\t\t\t\t<div class=\"elementor-widget-container\">\n\t\t\t\t\t\n\t\t     \n\t            <div class=\"ova-card\">\n\n\t                \t\t            \t<div class=\"icon\">\n\t\t            \t\t<i class=\"flaticon flaticon-lorry\"><\/i>\n\t\t            \t<\/div>\n\t\t            \n\t\t            \t\t\t\t\t\t<h4 class=\"title\">\n\t\t\t\t\t\t\tProximity To Swiss Territory\t\t\t\t\t\t<\/h4>\n\t\t\t\t\t\n\t\t\t\t\t\t\t\t\t\t\t<p class=\"description\">\n\t\t\t\t\t\t\tallows us to provide an excellent Import \/ Export service\t\t\t\t\t\t<\/p>\n\t\t\t\t\t\t\t\t    <\/div>\n\n\t\t   \t\t \t\n\t\t\t\t\t\t<\/div>\n\t\t\t\t<\/div>\n\t\t\t\t\t<\/div>\n\t\t<\/div>\n\t\t\t\t<div class=\"elementor-column elementor-col-50 elementor-inner-column elementor-element elementor-element-7c6479e\" data-id=\"7c6479e\" data-element_type=\"column\">\n\t\t\t<div class=\"elementor-widget-wrap elementor-element-populated\">\n\t\t\t\t\t\t<div class=\"elementor-element elementor-element-53bf303c elementor-animation-float elementor-invisible elementor-widget elementor-widget-transflash_elementor_card\" data-id=\"53bf303c\" data-element_type=\"widget\" data-settings=\"{&quot;_animation&quot;:&quot;fadeInLeft&quot;,&quot;_animation_tablet&quot;:&quot;none&quot;,&quot;_animation_mobile&quot;:&quot;none&quot;,&quot;_animation_delay&quot;:400}\" data-widget_type=\"transflash_elementor_card.default\">\n\t\t\t\t<div class=\"elementor-widget-container\">\n\t\t\t\t\t\n\t\t     \n\t            <div class=\"ova-card\">\n\n\t                \t\t            \t<div class=\"icon\">\n\t\t            \t\t<i class=\"flaticon flaticon-warehouse\"><\/i>\n\t\t            \t<\/div>\n\t\t            \n\t\t            \t\t\t\t\t\t<h4 class=\"title\">\n\t\t\t\t\t\t\tLast Mile Service \t\t\t\t\t\t<\/h4>\n\t\t\t\t\t\n\t\t\t\t\t\t\t\t\t\t\t<p class=\"description\">\n\t\t\t\t\t\t\ton Lombardy Provinces with 24-hour delivery for goods leaving our warehouse\n\t\t\t\t\t\t<\/p>\n\t\t\t\t\t\t\t\t    <\/div>\n\n\t\t   \t\t \t\n\t\t\t\t\t\t<\/div>\n\t\t\t\t<\/div>\n\t\t\t\t\t<\/div>\n\t\t<\/div>\n\t\t\t\t\t<\/div>\n\t\t<\/section>\n\t\t\t\t<\/div>","protected":false},"excerpt":{"rendered":"<p>Cosa offriamo Forniamo servizi di trasporto sia completi che parziali su scala Nazionale e Internazionale accomunati da qualit\u00e0 e tempestivit\u00e0 che sono le determinanti che differenziano la nostra attivit\u00e0 Costanza e Organizzazione ci hanno permesso di stipulare sinergie con partner selezionati ed affidabili che ci consentono di offrire un servizio a 360 gradi per qualsiasi [&hellip;]<\/p>","protected":false},"author":1,"featured_media":0,"parent":0,"menu_order":0,"comment_status":"closed","ping_status":"closed","template":"","meta":{"footnotes":""},"class_list":["post-752","page","type-page","status-publish","hentry"],"yoast_head":"<!-- This site is optimized with the Yoast SEO plugin v23.5 - https:\/\/yoast.com\/wordpress\/plugins\/seo\/ -->\n<title>Servizi di trasporto sia completi che parziali - A.M.S. Azienda Multi Servizi<\/title>\n<meta name=\"description\" content=\"Trasporti completi e parziali su scala Nazionale e Internazionale, contraddistinti da qualit\u00e0 e puntualit\u00e0.\" \/>\n<meta name=\"robots\" content=\"index, follow, max-snippet:-1, max-image-preview:large, max-video-preview:-1\" \/>\n<link rel=\"canonical\" href=\"https:\/\/ams-multiservizi.it\/en\/servizi-trasporto-completi-e-parziali\/\" \/>\n<meta property=\"og:locale\" content=\"en_GB\" \/>\n<meta property=\"og:type\" content=\"article\" \/>\n<meta property=\"og:title\" content=\"Servizi di trasporto sia completi che parziali - A.M.S. Azienda Multi Servizi\" \/>\n<meta property=\"og:description\" content=\"Trasporti completi e parziali su scala Nazionale e Internazionale, contraddistinti da qualit\u00e0 e puntualit\u00e0.\" \/>\n<meta property=\"og:url\" content=\"https:\/\/ams-multiservizi.it\/en\/servizi-trasporto-completi-e-parziali\/\" \/>\n<meta property=\"og:site_name\" content=\"A.M.S. Azienda Multi Servizi\" \/>\n<meta property=\"article:publisher\" content=\"https:\/\/www.facebook.com\/amsmultiservizi\" \/>\n<meta property=\"article:modified_time\" content=\"2023-11-21T16:25:57+00:00\" \/>\n<meta name=\"twitter:card\" content=\"summary_large_image\" \/>\n<meta name=\"twitter:label1\" content=\"Estimated reading time\" \/>\n\t<meta name=\"twitter:data1\" content=\"1 minute\" \/>\n<script type=\"application\/ld+json\" class=\"yoast-schema-graph\">{\"@context\":\"https:\/\/schema.org\",\"@graph\":[{\"@type\":\"WebPage\",\"@id\":\"https:\/\/ams-multiservizi.it\/servizi-trasporto-completi-e-parziali\/\",\"url\":\"https:\/\/ams-multiservizi.it\/servizi-trasporto-completi-e-parziali\/\",\"name\":\"Servizi di trasporto sia completi che parziali - A.M.S. Azienda Multi Servizi\",\"isPartOf\":{\"@id\":\"https:\/\/ams-multiservizi.it\/#website\"},\"datePublished\":\"2021-12-01T01:20:52+00:00\",\"dateModified\":\"2023-11-21T16:25:57+00:00\",\"description\":\"Trasporti completi e parziali su scala Nazionale e Internazionale, contraddistinti da qualit\u00e0 e puntualit\u00e0.\",\"breadcrumb\":{\"@id\":\"https:\/\/ams-multiservizi.it\/servizi-trasporto-completi-e-parziali\/#breadcrumb\"},\"inLanguage\":\"en-GB\",\"potentialAction\":[{\"@type\":\"ReadAction\",\"target\":[\"https:\/\/ams-multiservizi.it\/servizi-trasporto-completi-e-parziali\/\"]}]},{\"@type\":\"BreadcrumbList\",\"@id\":\"https:\/\/ams-multiservizi.it\/servizi-trasporto-completi-e-parziali\/#breadcrumb\",\"itemListElement\":[{\"@type\":\"ListItem\",\"position\":1,\"name\":\"Home\",\"item\":\"https:\/\/ams-multiservizi.it\/\"},{\"@type\":\"ListItem\",\"position\":2,\"name\":\"Servizi\"}]},{\"@type\":\"WebSite\",\"@id\":\"https:\/\/ams-multiservizi.it\/#website\",\"url\":\"https:\/\/ams-multiservizi.it\/\",\"name\":\"A.M.S. Azienda Multi Servizi\",\"description\":\"Your Dreams In Motion\",\"publisher\":{\"@id\":\"https:\/\/ams-multiservizi.it\/#organization\"},\"potentialAction\":[{\"@type\":\"SearchAction\",\"target\":{\"@type\":\"EntryPoint\",\"urlTemplate\":\"https:\/\/ams-multiservizi.it\/?s={search_term_string}\"},\"query-input\":{\"@type\":\"PropertyValueSpecification\",\"valueRequired\":true,\"valueName\":\"search_term_string\"}}],\"inLanguage\":\"en-GB\"},{\"@type\":\"Organization\",\"@id\":\"https:\/\/ams-multiservizi.it\/#organization\",\"name\":\"A.M.S. Azienda Multi Servizi\",\"url\":\"https:\/\/ams-multiservizi.it\/\",\"logo\":{\"@type\":\"ImageObject\",\"inLanguage\":\"en-GB\",\"@id\":\"https:\/\/ams-multiservizi.it\/#\/schema\/logo\/image\/\",\"url\":\"https:\/\/ams-multiservizi.it\/wp-content\/uploads\/2021\/12\/AMS-logo-definitivo.png\",\"contentUrl\":\"https:\/\/ams-multiservizi.it\/wp-content\/uploads\/2021\/12\/AMS-logo-definitivo.png\",\"width\":2939,\"height\":1664,\"caption\":\"A.M.S. Azienda Multi Servizi\"},\"image\":{\"@id\":\"https:\/\/ams-multiservizi.it\/#\/schema\/logo\/image\/\"},\"sameAs\":[\"https:\/\/www.facebook.com\/amsmultiservizi\"]}]}<\/script>\n<!-- \/ Yoast SEO plugin. -->","yoast_head_json":{"title":"Servizi di trasporto sia completi che parziali - A.M.S. Azienda Multi Servizi","description":"Trasporti completi e parziali su scala Nazionale e Internazionale, contraddistinti da qualit\u00e0 e puntualit\u00e0.","robots":{"index":"index","follow":"follow","max-snippet":"max-snippet:-1","max-image-preview":"max-image-preview:large","max-video-preview":"max-video-preview:-1"},"canonical":"https:\/\/ams-multiservizi.it\/en\/servizi-trasporto-completi-e-parziali\/","og_locale":"en_GB","og_type":"article","og_title":"Servizi di trasporto sia completi che parziali - A.M.S. Azienda Multi Servizi","og_description":"Trasporti completi e parziali su scala Nazionale e Internazionale, contraddistinti da qualit\u00e0 e puntualit\u00e0.","og_url":"https:\/\/ams-multiservizi.it\/en\/servizi-trasporto-completi-e-parziali\/","og_site_name":"A.M.S. Azienda Multi Servizi","article_publisher":"https:\/\/www.facebook.com\/amsmultiservizi","article_modified_time":"2023-11-21T16:25:57+00:00","twitter_card":"summary_large_image","twitter_misc":{"Estimated reading time":"1 minute"},"schema":{"@context":"https:\/\/schema.org","@graph":[{"@type":"WebPage","@id":"https:\/\/ams-multiservizi.it\/servizi-trasporto-completi-e-parziali\/","url":"https:\/\/ams-multiservizi.it\/servizi-trasporto-completi-e-parziali\/","name":"Servizi di trasporto sia completi che parziali - A.M.S. Azienda Multi Servizi","isPartOf":{"@id":"https:\/\/ams-multiservizi.it\/#website"},"datePublished":"2021-12-01T01:20:52+00:00","dateModified":"2023-11-21T16:25:57+00:00","description":"Trasporti completi e parziali su scala Nazionale e Internazionale, contraddistinti da qualit\u00e0 e puntualit\u00e0.","breadcrumb":{"@id":"https:\/\/ams-multiservizi.it\/servizi-trasporto-completi-e-parziali\/#breadcrumb"},"inLanguage":"en-GB","potentialAction":[{"@type":"ReadAction","target":["https:\/\/ams-multiservizi.it\/servizi-trasporto-completi-e-parziali\/"]}]},{"@type":"BreadcrumbList","@id":"https:\/\/ams-multiservizi.it\/servizi-trasporto-completi-e-parziali\/#breadcrumb","itemListElement":[{"@type":"ListItem","position":1,"name":"Home","item":"https:\/\/ams-multiservizi.it\/"},{"@type":"ListItem","position":2,"name":"Servizi"}]},{"@type":"WebSite","@id":"https:\/\/ams-multiservizi.it\/#website","url":"https:\/\/ams-multiservizi.it\/","name":"A.M.S. Azienda Multi Servizi","description":"Your Dreams In Motion","publisher":{"@id":"https:\/\/ams-multiservizi.it\/#organization"},"potentialAction":[{"@type":"SearchAction","target":{"@type":"EntryPoint","urlTemplate":"https:\/\/ams-multiservizi.it\/?s={search_term_string}"},"query-input":{"@type":"PropertyValueSpecification","valueRequired":true,"valueName":"search_term_string"}}],"inLanguage":"en-GB"},{"@type":"Organization","@id":"https:\/\/ams-multiservizi.it\/#organization","name":"A.M.S. Azienda Multi Servizi","url":"https:\/\/ams-multiservizi.it\/","logo":{"@type":"ImageObject","inLanguage":"en-GB","@id":"https:\/\/ams-multiservizi.it\/#\/schema\/logo\/image\/","url":"https:\/\/ams-multiservizi.it\/wp-content\/uploads\/2021\/12\/AMS-logo-definitivo.png","contentUrl":"https:\/\/ams-multiservizi.it\/wp-content\/uploads\/2021\/12\/AMS-logo-definitivo.png","width":2939,"height":1664,"caption":"A.M.S. Azienda Multi Servizi"},"image":{"@id":"https:\/\/ams-multiservizi.it\/#\/schema\/logo\/image\/"},"sameAs":["https:\/\/www.facebook.com\/amsmultiservizi"]}]}},"_links":{"self":[{"href":"https:\/\/ams-multiservizi.it\/en\/wp-json\/wp\/v2\/pages\/752","targetHints":{"allow":["GET"]}}],"collection":[{"href":"https:\/\/ams-multiservizi.it\/en\/wp-json\/wp\/v2\/pages"}],"about":[{"href":"https:\/\/ams-multiservizi.it\/en\/wp-json\/wp\/v2\/types\/page"}],"author":[{"embeddable":true,"href":"https:\/\/ams-multiservizi.it\/en\/wp-json\/wp\/v2\/users\/1"}],"replies":[{"embeddable":true,"href":"https:\/\/ams-multiservizi.it\/en\/wp-json\/wp\/v2\/comments?post=752"}],"version-history":[{"count":7,"href":"https:\/\/ams-multiservizi.it\/en\/wp-json\/wp\/v2\/pages\/752\/revisions"}],"predecessor-version":[{"id":6318,"href":"https:\/\/ams-multiservizi.it\/en\/wp-json\/wp\/v2\/pages\/752\/revisions\/6318"}],"wp:attachment":[{"href":"https:\/\/ams-multiservizi.it\/en\/wp-json\/wp\/v2\/media?parent=752"}],"curies":[{"name":"wp","href":"https:\/\/api.w.org\/{rel}","templated":true}]}}